{"id":5,"date":"2020-01-13T11:17:52","date_gmt":"2020-01-13T11:17:52","guid":{"rendered":"https:\/\/demosites.io\/web-agency-gb\/?page_id=5"},"modified":"2023-09-13T12:47:46","modified_gmt":"2023-09-13T10:47:46","slug":"15c42-web-agency-gb-home","status":"publish","type":"page","link":"https:\/\/west-handel.com\/","title":{"rendered":"Home"},"content":{"rendered":"\n<div style=\"height:80px\" aria-hidden=\"true\" class=\"wp-block-spacer\"><\/div>\n\n\n\n<div class=\"wp-block-columns is-layout-flex wp-container-core-columns-is-layout-9d6595d7 wp-block-columns-is-layout-flex\">\n<div class=\"wp-block-column is-layout-flow wp-block-column-is-layout-flow\"><div class=\"wp-block-image icon-style is-style-rounded\">\n<figure class=\"aligncenter size-large\"><img loading=\"lazy\" decoding=\"async\" width=\"72\" height=\"72\" src=\"https:\/\/west-handel.com\/wp-content\/uploads\/2020\/01\/neve-webdesign-GB-03.png\" alt=\"\" class=\"wp-image-20\" title=\"\"\/><\/figure>\n<\/div>\n\n\n<div style=\"height:20px\" aria-hidden=\"true\" class=\"wp-block-spacer\"><\/div>\n\n\n\n<h3 class=\"wp-block-heading has-text-align-center has-text-color\" style=\"color:#53b03d\">Steuerlager Bier &#8211; Wein<\/h3>\n\n\n\n<p class=\"has-text-align-center\">Ihr Steuerlager f\u00fcr unversteuertes und versteuertes Bier, sowie f\u00fcr Wein<\/p>\n<\/div>\n\n\n\n<div class=\"wp-block-column is-layout-flow wp-block-column-is-layout-flow\"><div class=\"wp-block-image icon-style is-style-rounded\">\n<figure class=\"aligncenter size-large\"><img loading=\"lazy\" decoding=\"async\" width=\"72\" height=\"72\" src=\"https:\/\/west-handel.com\/wp-content\/uploads\/2020\/01\/neve-webdesign-GB-04.png\" alt=\"\" class=\"wp-image-21\"\/><\/figure>\n<\/div>\n\n\n<div style=\"height:20px\" aria-hidden=\"true\" class=\"wp-block-spacer\"><\/div>\n\n\n\n<h3 class=\"wp-block-heading has-text-align-center has-text-color\" style=\"color:#2a4f9b\">Zertifizierter Empf\u00e4nger &amp; Versender<\/h3>\n\n\n\n<p class=\"has-text-align-center\">Bei Wunsch werden Ihre Produkte auch gelagert und f\u00fcr den Transport abgewickelt<\/p>\n<\/div>\n<\/div>\n\n\n\n<p><strong>Ihre Experten f\u00fcr Bier- und Wein-Steuerlager im EMCS-Verfahren<\/strong><\/p>\n\n\n\n<p>Willkommen bei uns, Ihren Experten f\u00fcr das EMCS-Verfahren und insbesondere f\u00fcr die Abwicklung von verbrauchsteuerpflichtigen Waren, darunter Bier und Wein. Verbrauchsteuern sind Abgaben auf den Verbrauch oder Gebrauch von bestimmten Produkten. Sie werden in den jeweiligen Verbrauchsteuergesetzen festgelegt und gelten auch f\u00fcr G\u00fcter des t\u00e4glichen Konsums wie Alkohol. Die Produktion und der Handel dieser Waren erfolgen anfangs unversteuert \u00fcber sogenannte Steuerlager. Erst wenn die Waren das Steuerlager verlassen, werden die Verbrauchsteuern f\u00e4llig.<\/p>\n\n\n\n<p><strong>Das EMCS-Verfahren f\u00fcr sicheren Bier- und Wein-Transport<\/strong><\/p>\n\n\n\n<p>Unser Full-Service im EMCS-Verfahren sorgt f\u00fcr einen reibungslosen Transport Ihrer verbrauchsteuerpflichtigen Waren, einschlie\u00dflich Bier und Wein, nach Deutschland. Dabei stehen wir Ihnen nicht nur mit unserem Fachwissen zur Seite, sondern auch mit kurzen Anfahrtswegen und schnellen Abwicklungen. Wenn Sie Ihre Transporte uns anvertrauen, minimieren wir die Standzeiten und gew\u00e4hrleisten einen schnellen und sicheren Transport.<\/p>\n\n\n\n<p><strong>Effiziente Lagerlogistik f\u00fcr Bier und Wein<\/strong><\/p>\n\n\n\n<p>F\u00fcr eine effektive Lagerlogistik zwischen Wareneingang und Warenausgang sind wir Ihr zuverl\u00e4ssiger Partner. Wir verstehen die Bedeutung, dass Ihre Bier- und Weinbest\u00e4nde p\u00fcnktlich, in der richtigen Menge und Qualit\u00e4t ankommen. Unsere erfahrenen Mitarbeiter sorgen f\u00fcr reibungslose Abl\u00e4ufe und einen effizienten Warenumschlag. Unsere modernen Lagerhallen und umfassenden Dienstleistungen, wie Verpackung, Kommissionierung und Zollabwicklung, stellen sicher, dass Ihre Bier- und Weinbest\u00e4nde optimal gelagert und verwaltet werden.<\/p>\n\n\n\n<p><strong>Ihr Partner im Transportwesen<\/strong><\/p>\n\n\n\n<p>Die Auswahl des richtigen Transportmittels und die Einhaltung gesetzlicher Bestimmungen sind entscheidend f\u00fcr den erfolgreichen Transport Ihrer Waren. Wir bieten Frachtvermittlung, Containertransporte und logistische Vernetzung f\u00fcr effektive Transportl\u00f6sungen. Unsere Logistikpartner erf\u00fcllen h\u00f6chste Qualit\u00e4tsanspr\u00fcche, um sicherzustellen, dass Ihre Bier- und Weinlieferungen sicher und p\u00fcnktlich an ihr Ziel gelangen.<\/p>\n\n\n\n<p><strong>Unsere Dienstleistungen beim Transport und in der Lagerung<\/strong><\/p>\n\n\n\n<p>Unsere Dienstleistungen umfassen Frachtvermittlung, Containertransporte, Warehousing, Verpackungsservice, Kommissionierung und mehr. Wir bieten Ihnen nicht nur motivierte Mitarbeiter und logistische Vernetzung, sondern auch moderne Lagerhallen und Lagerequipment. Mit ma\u00dfgeschneiderten L\u00f6sungen k\u00f6nnen wir nahezu alle logistischen Anforderungen erf\u00fcllen. Vertrauen Sie auf unsere Erfahrung und unseren umfassenden Service, um Ihre Bier- und Weinbest\u00e4nde sicher und effizient zu verwalten, zu transportieren und zu lagern.<\/p>\n","protected":false},"excerpt":{"rendered":"<p>Steuerlager Bier &#8211; Wein Ihr Steuerlager f\u00fcr unversteuertes und versteuertes Bier, sowie f\u00fcr Wein Zertifizierter Empf\u00e4nger &amp; Versender Bei Wunsch werden Ihre Produkte auch gelagert und f\u00fcr den Transport abgewickelt Ihre Experten f\u00fcr Bier- und Wein-Steuerlager im EMCS-Verfahren Willkommen bei uns, Ihren Experten f\u00fcr das EMCS-Verfahren und insbesondere f\u00fcr die Abwicklung von verbrauchsteuerpflichtigen Waren, darunter&hellip;&nbsp;<a href=\"https:\/\/west-handel.com\/\" rel=\"bookmark\">Weiterlesen &raquo;<span class=\"screen-reader-text\">Home<\/span><\/a><\/p>\n","protected":false},"author":1,"featured_media":0,"parent":0,"menu_order":0,"comment_status":"closed","ping_status":"closed","template":"","meta":{"neve_meta_sidebar":"default","neve_meta_container":"default","neve_meta_enable_content_width":"on","neve_meta_content_width":100,"neve_meta_title_alignment":"","neve_meta_author_avatar":"","neve_post_elements_order":"","neve_meta_disable_header":"","neve_meta_disable_footer":"","neve_meta_disable_title":"on","_themeisle_gutenberg_block_has_review":false,"footnotes":""},"class_list":["post-5","page","type-page","status-publish","hentry"],"_links":{"self":[{"href":"https:\/\/west-handel.com\/index.php?rest_route=\/wp\/v2\/pages\/5","targetHints":{"allow":["GET"]}}],"collection":[{"href":"https:\/\/west-handel.com\/index.php?rest_route=\/wp\/v2\/pages"}],"about":[{"href":"https:\/\/west-handel.com\/index.php?rest_route=\/wp\/v2\/types\/page"}],"author":[{"embeddable":true,"href":"https:\/\/west-handel.com\/index.php?rest_route=\/wp\/v2\/users\/1"}],"replies":[{"embeddable":true,"href":"https:\/\/west-handel.com\/index.php?rest_route=%2Fwp%2Fv2%2Fcomments&post=5"}],"version-history":[{"count":4,"href":"https:\/\/west-handel.com\/index.php?rest_route=\/wp\/v2\/pages\/5\/revisions"}],"predecessor-version":[{"id":382,"href":"https:\/\/west-handel.com\/index.php?rest_route=\/wp\/v2\/pages\/5\/revisions\/382"}],"wp:attachment":[{"href":"https:\/\/west-handel.com\/index.php?rest_route=%2Fwp%2Fv2%2Fmedia&parent=5"}],"curies":[{"name":"wp","href":"https:\/\/api.w.org\/{rel}","templated":true}]}}